{"id":1812,"date":"2021-09-17T06:54:49","date_gmt":"2021-09-17T06:54:49","guid":{"rendered":"https:\/\/www.arssaltandi.de\/?page_id=1812"},"modified":"2026-01-21T12:52:50","modified_gmt":"2026-01-21T11:52:50","slug":"cry-wheel","status":"publish","type":"page","link":"https:\/\/www.arssaltandi.de\/index.php\/cry-wheel\/","title":{"rendered":"Kurs_Cyr Wheel"},"content":{"rendered":"\t\t<div data-elementor-type=\"wp-page\" data-elementor-id=\"1812\" class=\"elementor elementor-1812\" data-elementor-post-type=\"page\">\n\t\t\t\t\t\t<section class=\"elementor-section elementor-top-section elementor-element elementor-element-3f8f339 elementor-section-boxed elementor-section-height-default elementor-section-height-default\" data-id=\"3f8f339\" data-element_type=\"section\" data-e-type=\"section\">\n\t\t\t\t\t\t<div class=\"elementor-container elementor-column-gap-default\">\n\t\t\t\t\t<div class=\"elementor-column elementor-col-100 elementor-top-column elementor-element elementor-element-0a8b5e2\" data-id=\"0a8b5e2\" data-element_type=\"column\" data-e-type=\"column\">\n\t\t\t<div class=\"elementor-widget-wrap elementor-element-populated\">\n\t\t\t\t\t\t<div class=\"elementor-element elementor-element-e8e5ebf elementor-widget elementor-widget-heading\" data-id=\"e8e5ebf\" data-element_type=\"widget\" data-e-type=\"widget\" data-widget_type=\"heading.default\">\n\t\t\t\t<div class=\"elementor-widget-container\">\n\t\t\t\t\t<h2 class=\"elementor-heading-title elementor-size-default\">Cyr Wheel<\/h2>\t\t\t\t<\/div>\n\t\t\t\t<\/div>\n\t\t\t\t<div class=\"elementor-element elementor-element-0ba5f71 elementor-widget elementor-widget-heading\" data-id=\"0ba5f71\" data-element_type=\"widget\" data-e-type=\"widget\" data-widget_type=\"heading.default\">\n\t\t\t\t<div class=\"elementor-widget-container\">\n\t\t\t\t\t<h4 class=\"elementor-heading-title elementor-size-default\">Alle Altersstufen und alle Level<br>\nmontags 20:00 - 21:00 Uhr bei Larissa | Studio 4<br>mittwochs 20:00 - 21:00 Uhr bei Larissa | Studio 4<br><br><\/h4>\t\t\t\t<\/div>\n\t\t\t\t<\/div>\n\t\t\t\t<div class=\"elementor-element elementor-element-dc088ea elementor-widget elementor-widget-spacer\" data-id=\"dc088ea\" data-element_type=\"widget\" data-e-type=\"widget\" data-widget_type=\"spacer.default\">\n\t\t\t\t<div class=\"elementor-widget-container\">\n\t\t\t\t\t\t\t<div class=\"elementor-spacer\">\n\t\t\t<div class=\"elementor-spacer-inner\"><\/div>\n\t\t<\/div>\n\t\t\t\t\t\t<\/div>\n\t\t\t\t<\/div>\n\t\t\t\t\t<\/div>\n\t\t<\/div>\n\t\t\t\t\t<\/div>\n\t\t<\/section>\n\t\t\t\t<section class=\"elementor-section elementor-top-section elementor-element elementor-element-ff0d22b elementor-section-boxed elementor-section-height-default elementor-section-height-default\" data-id=\"ff0d22b\" data-element_type=\"section\" data-e-type=\"section\">\n\t\t\t\t\t\t<div class=\"elementor-container elementor-column-gap-default\">\n\t\t\t\t\t<div class=\"elementor-column elementor-col-100 elementor-top-column elementor-element elementor-element-fb59c67\" data-id=\"fb59c67\" data-element_type=\"column\" data-e-type=\"column\">\n\t\t\t<div class=\"elementor-widget-wrap elementor-element-populated\">\n\t\t\t\t\t\t<div class=\"elementor-element elementor-element-532562c elementor-widget elementor-widget-image\" data-id=\"532562c\" data-element_type=\"widget\" data-e-type=\"widget\" data-widget_type=\"image.default\">\n\t\t\t\t<div class=\"elementor-widget-container\">\n\t\t\t\t\t\t\t\t\t\t\t\t\t\t\t<img fetchpriority=\"high\" decoding=\"async\" width=\"300\" height=\"300\" src=\"https:\/\/www.arssaltandi.de\/wp-content\/uploads\/WHH-DSCF9961-scaled-e1640258355108-300x300.webp\" class=\"attachment-medium size-medium wp-image-6274\" alt=\"\" srcset=\"https:\/\/www.arssaltandi.de\/wp-content\/uploads\/WHH-DSCF9961-scaled-e1640258355108-300x300.webp 300w, https:\/\/www.arssaltandi.de\/wp-content\/uploads\/WHH-DSCF9961-scaled-e1640258355108-1024x1024.webp 1024w, https:\/\/www.arssaltandi.de\/wp-content\/uploads\/WHH-DSCF9961-scaled-e1640258355108-150x150.webp 150w, https:\/\/www.arssaltandi.de\/wp-content\/uploads\/WHH-DSCF9961-scaled-e1640258355108-768x768.webp 768w, https:\/\/www.arssaltandi.de\/wp-content\/uploads\/WHH-DSCF9961-scaled-e1640258355108-1536x1536.webp 1536w, https:\/\/www.arssaltandi.de\/wp-content\/uploads\/WHH-DSCF9961-scaled-e1640258355108-2048x2048.webp 2048w\" sizes=\"(max-width: 300px) 100vw, 300px\" \/>\t\t\t\t\t\t\t\t\t\t\t\t\t\t\t<\/div>\n\t\t\t\t<\/div>\n\t\t\t\t<div class=\"elementor-element elementor-element-f4ea08f elementor-widget elementor-widget-video\" data-id=\"f4ea08f\" data-element_type=\"widget\" data-e-type=\"widget\" data-settings=\"{&quot;video_type&quot;:&quot;hosted&quot;,&quot;controls&quot;:&quot;yes&quot;}\" data-widget_type=\"video.default\">\n\t\t\t\t<div class=\"elementor-widget-container\">\n\t\t\t\t\t\t\t<div class=\"e-hosted-video elementor-wrapper elementor-open-inline\">\n\t\t\t\t\t<video class=\"elementor-video\" src=\"https:\/\/www.arssaltandi.de\/wp-content\/uploads\/2026\/01\/Cyr_Rhoenrad_Praesi.mov\" controls=\"\" preload=\"metadata\" controlsList=\"nodownload\"><\/video>\n\t\t\t\t<\/div>\n\t\t\t\t\t\t<\/div>\n\t\t\t\t<\/div>\n\t\t\t\t<div class=\"elementor-element elementor-element-24fc608 elementor-widget elementor-widget-heading\" data-id=\"24fc608\" data-element_type=\"widget\" data-e-type=\"widget\" data-widget_type=\"heading.default\">\n\t\t\t\t<div class=\"elementor-widget-container\">\n\t\t\t\t\t<h2 class=\"elementor-heading-title elementor-size-default\">PROFESSIONELL - PR\u00c4ZISE - PERFEKT MIT SPA\u00df<\/h2>\t\t\t\t<\/div>\n\t\t\t\t<\/div>\n\t\t\t\t<div class=\"elementor-element elementor-element-b5f17af elementor-widget elementor-widget-text-editor\" data-id=\"b5f17af\" data-element_type=\"widget\" data-e-type=\"widget\" data-widget_type=\"text-editor.default\">\n\t\t\t\t<div class=\"elementor-widget-container\">\n\t\t\t\t\t\t\t\t\t<p>Das Cyr-Wheel ist dem <a href=\"https:\/\/www.arssaltandi.de\/index.php\/rhoenrad-3\/\">Rh\u00f6nrad <\/a>\u00e4hnlich, besteht allerdings aus nur einem Reifen. Dadurch ist das Cyr-Wheel wesentlich schneller und dynamischer. Auch Drehungen k\u00f6nnen schneller und leichter ausgef\u00fchrt werden. Unsere Trainerin, <a href=\"https:\/\/www.arssaltandi.de\/index.php\/larissa\/\">Larissa<\/a>, ist Weltmeisterin im Cyr-Wheel und f\u00fchrt Euch individuell und Schritt f\u00fcr Schritt an das Ger\u00e4t heran.<\/p>\t\t\t\t\t\t\t\t<\/div>\n\t\t\t\t<\/div>\n\t\t\t\t\t<\/div>\n\t\t<\/div>\n\t\t\t\t\t<\/div>\n\t\t<\/section>\n\t\t\t\t<section class=\"elementor-section elementor-top-section elementor-element elementor-element-d4ed167 elementor-section-boxed elementor-section-height-default elementor-section-height-default\" data-id=\"d4ed167\" data-element_type=\"section\" data-e-type=\"section\">\n\t\t\t\t\t\t<div class=\"elementor-container elementor-column-gap-default\">\n\t\t\t\t\t<div class=\"elementor-column elementor-col-100 elementor-top-column elementor-element elementor-element-b357fb3\" data-id=\"b357fb3\" data-element_type=\"column\" data-e-type=\"column\">\n\t\t\t<div class=\"elementor-widget-wrap elementor-element-populated\">\n\t\t\t\t\t\t<div class=\"elementor-element elementor-element-67f6686 elementor-widget elementor-widget-spacer\" data-id=\"67f6686\" data-element_type=\"widget\" data-e-type=\"widget\" data-widget_type=\"spacer.default\">\n\t\t\t\t<div class=\"elementor-widget-container\">\n\t\t\t\t\t\t\t<div class=\"elementor-spacer\">\n\t\t\t<div class=\"elementor-spacer-inner\"><\/div>\n\t\t<\/div>\n\t\t\t\t\t\t<\/div>\n\t\t\t\t<\/div>\n\t\t\t\t\t<\/div>\n\t\t<\/div>\n\t\t\t\t\t<\/div>\n\t\t<\/section>\n\t\t\t\t<section class=\"elementor-section elementor-top-section elementor-element elementor-element-20324f8 elementor-section-boxed elementor-section-height-default elementor-section-height-default\" data-id=\"20324f8\" data-element_type=\"section\" data-e-type=\"section\">\n\t\t\t\t\t\t<div class=\"elementor-container elementor-column-gap-default\">\n\t\t\t\t\t<div class=\"elementor-column elementor-col-20 elementor-top-column elementor-element elementor-element-4f7ff0c\" data-id=\"4f7ff0c\" data-element_type=\"column\" data-e-type=\"column\">\n\t\t\t<div class=\"elementor-widget-wrap elementor-element-populated\">\n\t\t\t\t\t\t<div class=\"elementor-element elementor-element-bb4b066 elementor-widget elementor-widget-image\" data-id=\"bb4b066\" data-element_type=\"widget\" data-e-type=\"widget\" data-widget_type=\"image.default\">\n\t\t\t\t<div class=\"elementor-widget-container\">\n\t\t\t\t\t\t\t\t\t\t\t\t\t\t\t<img decoding=\"async\" width=\"768\" height=\"285\" src=\"https:\/\/www.arssaltandi.de\/wp-content\/uploads\/Logo-AS-MA-weiss-768x285.png\" class=\"attachment-medium_large size-medium_large wp-image-3288\" alt=\"\" srcset=\"https:\/\/www.arssaltandi.de\/wp-content\/uploads\/Logo-AS-MA-weiss-768x285.png 768w, https:\/\/www.arssaltandi.de\/wp-content\/uploads\/Logo-AS-MA-weiss-300x111.png 300w, https:\/\/www.arssaltandi.de\/wp-content\/uploads\/Logo-AS-MA-weiss-1024x380.png 1024w, https:\/\/www.arssaltandi.de\/wp-content\/uploads\/Logo-AS-MA-weiss-1536x570.png 1536w, https:\/\/www.arssaltandi.de\/wp-content\/uploads\/Logo-AS-MA-weiss-2048x760.png 2048w\" sizes=\"(max-width: 768px) 100vw, 768px\" \/>\t\t\t\t\t\t\t\t\t\t\t\t\t\t\t<\/div>\n\t\t\t\t<\/div>\n\t\t\t\t\t<\/div>\n\t\t<\/div>\n\t\t\t\t<div class=\"elementor-column elementor-col-20 elementor-top-column elementor-element elementor-element-6d33d47\" data-id=\"6d33d47\" data-element_type=\"column\" data-e-type=\"column\">\n\t\t\t<div class=\"elementor-widget-wrap elementor-element-populated\">\n\t\t\t\t\t\t<div class=\"elementor-element elementor-element-5eed4bf elementor-widget elementor-widget-video\" data-id=\"5eed4bf\" data-element_type=\"widget\" data-e-type=\"widget\" data-settings=\"{&quot;video_type&quot;:&quot;hosted&quot;,&quot;autoplay&quot;:&quot;yes&quot;,&quot;play_on_mobile&quot;:&quot;yes&quot;,&quot;mute&quot;:&quot;yes&quot;,&quot;loop&quot;:&quot;yes&quot;}\" data-widget_type=\"video.default\">\n\t\t\t\t<div class=\"elementor-widget-container\">\n\t\t\t\t\t\t\t<div class=\"e-hosted-video elementor-wrapper elementor-open-inline\">\n\t\t\t\t\t<video class=\"elementor-video\" src=\"https:\/\/www.arssaltandi.de\/wp-content\/uploads\/MAaussen.mov\" autoplay=\"\" loop=\"\" muted=\"muted\" playsinline=\"\" controlsList=\"nodownload\" poster=\"https:\/\/www.arssaltandi.de\/wp-content\/uploads\/Bildschirmfoto-2018-06-27-um-21.46.00-1-1024x495-1.jpg\"><\/video>\n\t\t\t\t<\/div>\n\t\t\t\t\t\t<\/div>\n\t\t\t\t<\/div>\n\t\t\t\t\t<\/div>\n\t\t<\/div>\n\t\t\t\t<div class=\"elementor-column elementor-col-20 elementor-top-column elementor-element elementor-element-f2194ee\" data-id=\"f2194ee\" data-element_type=\"column\" data-e-type=\"column\">\n\t\t\t<div class=\"elementor-widget-wrap\">\n\t\t\t\t\t\t\t<\/div>\n\t\t<\/div>\n\t\t\t\t<div class=\"elementor-column elementor-col-20 elementor-top-column elementor-element elementor-element-3dec900\" data-id=\"3dec900\" data-element_type=\"column\" data-e-type=\"column\">\n\t\t\t<div class=\"elementor-widget-wrap elementor-element-populated\">\n\t\t\t\t\t\t<div class=\"elementor-element elementor-element-15c9e6f elementor-widget__width-initial elementor-widget elementor-widget-image\" data-id=\"15c9e6f\" data-element_type=\"widget\" data-e-type=\"widget\" data-widget_type=\"image.default\">\n\t\t\t\t<div class=\"elementor-widget-container\">\n\t\t\t\t\t\t\t\t\t\t\t\t\t\t\t<img decoding=\"async\" width=\"745\" height=\"276\" src=\"https:\/\/www.arssaltandi.de\/wp-content\/uploads\/Logo-AS-MA-weiss.webp\" class=\"attachment-large size-large wp-image-9039\" alt=\"\" srcset=\"https:\/\/www.arssaltandi.de\/wp-content\/uploads\/Logo-AS-MA-weiss.webp 745w, https:\/\/www.arssaltandi.de\/wp-content\/uploads\/Logo-AS-MA-weiss-300x111.webp 300w\" sizes=\"(max-width: 745px) 100vw, 745px\" \/>\t\t\t\t\t\t\t\t\t\t\t\t\t\t\t<\/div>\n\t\t\t\t<\/div>\n\t\t\t\t<div class=\"elementor-element elementor-element-84145d6 elementor-widget elementor-widget-text-editor\" data-id=\"84145d6\" data-element_type=\"widget\" data-e-type=\"widget\" data-widget_type=\"text-editor.default\">\n\t\t\t\t<div class=\"elementor-widget-container\">\n\t\t\t\t\t\t\t\t\t<p>Carl-Zeiss-Str. 18a<br \/>31137 Hildesheim<\/p>\t\t\t\t\t\t\t\t<\/div>\n\t\t\t\t<\/div>\n\t\t\t\t<div class=\"elementor-element elementor-element-f527187 elementor-widget elementor-widget-button\" data-id=\"f527187\" data-element_type=\"widget\" data-e-type=\"widget\" data-widget_type=\"button.default\">\n\t\t\t\t<div class=\"elementor-widget-container\">\n\t\t\t\t\t\t\t\t\t<div class=\"elementor-button-wrapper\">\n\t\t\t\t\t<a class=\"elementor-button elementor-button-link elementor-size-sm elementor-animation-grow\" href=\"https:\/\/www.google.de\/maps\/place\/ARS+SALTANDI+Moving+Arts\/@52.1671341,9.9193115,17z\/data=!4m12!1m6!3m5!1s0x47baaf654b85bf09:0x259a34090929a03d!2sARS+SALTANDI+Dance+%26+Drama+School!8m2!3d52.1679799!4d9.9216837!3m4!1s0x47baaf7ae987b117:0xffc1255bc5c40bbc!8m2!3d52.1665251!4d9.9199707\" target=\"_blank\">\n\t\t\t\t\t\t<span class=\"elementor-button-content-wrapper\">\n\t\t\t\t\t\t<span class=\"elementor-button-icon\">\n\t\t\t\t<i aria-hidden=\"true\" class=\"fas fa-minus\"><\/i>\t\t\t<\/span>\n\t\t\t\t\t\t\t\t\t<span class=\"elementor-button-text\">ZU GOOGLE MAPS<\/span>\n\t\t\t\t\t<\/span>\n\t\t\t\t\t<\/a>\n\t\t\t\t<\/div>\n\t\t\t\t\t\t\t\t<\/div>\n\t\t\t\t<\/div>\n\t\t\t\t<div class=\"elementor-element elementor-element-fc10347 elementor-align-left elementor-widget elementor-widget-button\" data-id=\"fc10347\" data-element_type=\"widget\" data-e-type=\"widget\" data-widget_type=\"button.default\">\n\t\t\t\t<div class=\"elementor-widget-container\">\n\t\t\t\t\t\t\t\t\t<div class=\"elementor-button-wrapper\">\n\t\t\t\t\t<a class=\"elementor-button elementor-button-link elementor-size-sm elementor-animation-grow\" href=\"https:\/\/ssl.webpack.de\/plaene.svhi-hildesheim.de\/svhi2017\/isoli\/tfp\/data2017\/tfp_1_2.pdf\" target=\"_blank\">\n\t\t\t\t\t\t<span class=\"elementor-button-content-wrapper\">\n\t\t\t\t\t\t<span class=\"elementor-button-icon\">\n\t\t\t\t<i aria-hidden=\"true\" class=\"far fa-arrow-alt-circle-right\"><\/i>\t\t\t<\/span>\n\t\t\t\t\t\t\t\t\t<span class=\"elementor-button-text\">zum Fahrplan SVHI<\/span>\n\t\t\t\t\t<\/span>\n\t\t\t\t\t<\/a>\n\t\t\t\t<\/div>\n\t\t\t\t\t\t\t\t<\/div>\n\t\t\t\t<\/div>\n\t\t\t\t\t<\/div>\n\t\t<\/div>\n\t\t\t\t<div class=\"elementor-column elementor-col-20 elementor-top-column elementor-element elementor-element-c2ca3de\" data-id=\"c2ca3de\" data-element_type=\"column\" data-e-type=\"column\">\n\t\t\t<div class=\"elementor-widget-wrap\">\n\t\t\t\t\t\t\t<\/div>\n\t\t<\/div>\n\t\t\t\t\t<\/div>\n\t\t<\/section>\n\t\t\t\t<section class=\"elementor-section elementor-top-section elementor-element elementor-element-261dbee elementor-section-boxed elementor-section-height-default elementor-section-height-default\" data-id=\"261dbee\" data-element_type=\"section\" data-e-type=\"section\">\n\t\t\t\t\t\t<div class=\"elementor-container elementor-column-gap-default\">\n\t\t\t\t\t<div class=\"elementor-column elementor-col-100 elementor-top-column elementor-element elementor-element-afb8aa9\" data-id=\"afb8aa9\" data-element_type=\"column\" data-e-type=\"column\">\n\t\t\t<div class=\"elementor-widget-wrap elementor-element-populated\">\n\t\t\t\t\t\t<div class=\"elementor-element elementor-element-8270b83 elementor-widget elementor-widget-spacer\" data-id=\"8270b83\" data-element_type=\"widget\" data-e-type=\"widget\" data-widget_type=\"spacer.default\">\n\t\t\t\t<div class=\"elementor-widget-container\">\n\t\t\t\t\t\t\t<div class=\"elementor-spacer\">\n\t\t\t<div class=\"elementor-spacer-inner\"><\/div>\n\t\t<\/div>\n\t\t\t\t\t\t<\/div>\n\t\t\t\t<\/div>\n\t\t\t\t\t<\/div>\n\t\t<\/div>\n\t\t\t\t\t<\/div>\n\t\t<\/section>\n\t\t\t\t<section class=\"elementor-section elementor-top-section elementor-element elementor-element-7c58478 elementor-section-boxed elementor-section-height-default elementor-section-height-default\" data-id=\"7c58478\" data-element_type=\"section\" data-e-type=\"section\">\n\t\t\t\t\t\t<div class=\"elementor-container elementor-column-gap-default\">\n\t\t\t\t\t<div class=\"elementor-column elementor-col-100 elementor-top-column elementor-element elementor-element-ab51151\" data-id=\"ab51151\" data-element_type=\"column\" data-e-type=\"column\">\n\t\t\t<div class=\"elementor-widget-wrap elementor-element-populated\">\n\t\t\t\t\t\t<div class=\"elementor-element elementor-element-a7ea6e4 elementor-widget-divider--view-line elementor-widget elementor-widget-divider\" data-id=\"a7ea6e4\" data-element_type=\"widget\" data-e-type=\"widget\" data-widget_type=\"divider.default\">\n\t\t\t\t<div class=\"elementor-widget-container\">\n\t\t\t\t\t\t\t<div class=\"elementor-divider\">\n\t\t\t<span class=\"elementor-divider-separator\">\n\t\t\t\t\t\t<\/span>\n\t\t<\/div>\n\t\t\t\t\t\t<\/div>\n\t\t\t\t<\/div>\n\t\t\t\t\t<\/div>\n\t\t<\/div>\n\t\t\t\t\t<\/div>\n\t\t<\/section>\n\t\t\t\t<section class=\"elementor-section elementor-top-section elementor-element elementor-element-128f2fa elementor-section-boxed elementor-section-height-default elementor-section-height-default\" data-id=\"128f2fa\" data-element_type=\"section\" data-e-type=\"section\" data-settings=\"{&quot;background_background&quot;:&quot;classic&quot;}\">\n\t\t\t\t\t\t<div class=\"elementor-container elementor-column-gap-default\">\n\t\t\t\t\t<div class=\"elementor-column elementor-col-33 elementor-top-column elementor-element elementor-element-daa088c\" data-id=\"daa088c\" data-element_type=\"column\" data-e-type=\"column\">\n\t\t\t<div class=\"elementor-widget-wrap elementor-element-populated\">\n\t\t\t\t\t\t<div class=\"elementor-element elementor-element-842c84f elementor-align-center elementor-invisible elementor-widget elementor-widget-button\" data-id=\"842c84f\" data-element_type=\"widget\" data-e-type=\"widget\" data-settings=\"{&quot;_animation&quot;:&quot;zoomIn&quot;}\" data-widget_type=\"button.default\">\n\t\t\t\t<div class=\"elementor-widget-container\">\n\t\t\t\t\t\t\t\t\t<div class=\"elementor-button-wrapper\">\n\t\t\t\t\t<a class=\"elementor-button elementor-button-link elementor-size-md elementor-animation-grow\" href=\"https:\/\/www.arssaltandi.de\/index.php\/probestunde\/\">\n\t\t\t\t\t\t<span class=\"elementor-button-content-wrapper\">\n\t\t\t\t\t\t\t\t\t<span class=\"elementor-button-text\">Probestunde<\/span>\n\t\t\t\t\t<\/span>\n\t\t\t\t\t<\/a>\n\t\t\t\t<\/div>\n\t\t\t\t\t\t\t\t<\/div>\n\t\t\t\t<\/div>\n\t\t\t\t\t<\/div>\n\t\t<\/div>\n\t\t\t\t<div class=\"elementor-column elementor-col-33 elementor-top-column elementor-element elementor-element-4853709\" data-id=\"4853709\" data-element_type=\"column\" data-e-type=\"column\">\n\t\t\t<div class=\"elementor-widget-wrap elementor-element-populated\">\n\t\t\t\t\t\t<div class=\"elementor-element elementor-element-863542b elementor-align-center elementor-invisible elementor-widget elementor-widget-button\" data-id=\"863542b\" data-element_type=\"widget\" data-e-type=\"widget\" data-settings=\"{&quot;_animation&quot;:&quot;zoomIn&quot;,&quot;_animation_delay&quot;:500}\" data-widget_type=\"button.default\">\n\t\t\t\t<div class=\"elementor-widget-container\">\n\t\t\t\t\t\t\t\t\t<div class=\"elementor-button-wrapper\">\n\t\t\t\t\t<a class=\"elementor-button elementor-button-link elementor-size-md elementor-animation-grow\" href=\"https:\/\/www.arssaltandi.de\/index.php\/finde-deinen-kurs\/#allekurse\">\n\t\t\t\t\t\t<span class=\"elementor-button-content-wrapper\">\n\t\t\t\t\t\t\t\t\t<span class=\"elementor-button-text\">Alle Kurse<\/span>\n\t\t\t\t\t<\/span>\n\t\t\t\t\t<\/a>\n\t\t\t\t<\/div>\n\t\t\t\t\t\t\t\t<\/div>\n\t\t\t\t<\/div>\n\t\t\t\t\t<\/div>\n\t\t<\/div>\n\t\t\t\t<div class=\"elementor-column elementor-col-33 elementor-top-column elementor-element elementor-element-d503a28\" data-id=\"d503a28\" data-element_type=\"column\" data-e-type=\"column\">\n\t\t\t<div class=\"elementor-widget-wrap elementor-element-populated\">\n\t\t\t\t\t\t<div class=\"elementor-element elementor-element-cb3d1e0 elementor-align-center elementor-invisible elementor-widget elementor-widget-button\" data-id=\"cb3d1e0\" data-element_type=\"widget\" data-e-type=\"widget\" data-settings=\"{&quot;_animation&quot;:&quot;zoomIn&quot;,&quot;_animation_delay&quot;:1000}\" data-widget_type=\"button.default\">\n\t\t\t\t<div class=\"elementor-widget-container\">\n\t\t\t\t\t\t\t\t\t<div class=\"elementor-button-wrapper\">\n\t\t\t\t\t<a class=\"elementor-button elementor-button-link elementor-size-md elementor-animation-grow\" href=\"https:\/\/www.arssaltandi.de\/index.php\/unsere-dozenten\/\">\n\t\t\t\t\t\t<span class=\"elementor-button-content-wrapper\">\n\t\t\t\t\t\t\t\t\t<span class=\"elementor-button-text\">Alle Dozentinnen<\/span>\n\t\t\t\t\t<\/span>\n\t\t\t\t\t<\/a>\n\t\t\t\t<\/div>\n\t\t\t\t\t\t\t\t<\/div>\n\t\t\t\t<\/div>\n\t\t\t\t\t<\/div>\n\t\t<\/div>\n\t\t\t\t\t<\/div>\n\t\t<\/section>\n\t\t\t\t<section class=\"elementor-section elementor-top-section elementor-element elementor-element-69b2516 elementor-section-boxed elementor-section-height-default elementor-section-height-default\" data-id=\"69b2516\" data-element_type=\"section\" data-e-type=\"section\">\n\t\t\t\t\t\t<div class=\"elementor-container elementor-column-gap-default\">\n\t\t\t\t\t<div class=\"elementor-column elementor-col-100 elementor-top-column elementor-element elementor-element-dc01f9c\" data-id=\"dc01f9c\" data-element_type=\"column\" data-e-type=\"column\">\n\t\t\t<div class=\"elementor-widget-wrap elementor-element-populated\">\n\t\t\t\t\t\t<div class=\"elementor-element elementor-element-e3e976a elementor-widget elementor-widget-spacer\" data-id=\"e3e976a\" data-element_type=\"widget\" data-e-type=\"widget\" data-widget_type=\"spacer.default\">\n\t\t\t\t<div class=\"elementor-widget-container\">\n\t\t\t\t\t\t\t<div class=\"elementor-spacer\">\n\t\t\t<div class=\"elementor-spacer-inner\"><\/div>\n\t\t<\/div>\n\t\t\t\t\t\t<\/div>\n\t\t\t\t<\/div>\n\t\t\t\t\t<\/div>\n\t\t<\/div>\n\t\t\t\t\t<\/div>\n\t\t<\/section>\n\t\t\t\t<\/div>\n\t\t","protected":false},"excerpt":{"rendered":"<p>Cyr Wheel Alle Altersstufen und alle Level montags 20:00 &#8211; 21:00 Uhr bei Larissa | Studio 4mittwochs 20:00 &#8211; 21:00 Uhr bei Larissa | Studio 4 https:\/\/www.arssaltandi.de\/wp-content\/uploads\/2026\/01\/Cyr_Rhoenrad_Praesi.mov PROFESSIONELL &#8211; PR\u00c4ZISE &#8211; PERFEKT MIT SPA\u00df Das Cyr-Wheel ist dem Rh\u00f6nrad \u00e4hnlich, besteht allerdings aus nur einem Reifen. Dadurch ist das Cyr-Wheel wesentlich schneller und dynamischer. Auch [&hellip;]<\/p>\n","protected":false},"author":3,"featured_media":0,"parent":0,"menu_order":0,"comment_status":"closed","ping_status":"closed","template":"elementor_header_footer","meta":{"footnotes":""},"class_list":["post-1812","page","type-page","status-publish","hentry"],"_links":{"self":[{"href":"https:\/\/www.arssaltandi.de\/index.php\/wp-json\/wp\/v2\/pages\/1812","targetHints":{"allow":["GET"]}}],"collection":[{"href":"https:\/\/www.arssaltandi.de\/index.php\/wp-json\/wp\/v2\/pages"}],"about":[{"href":"https:\/\/www.arssaltandi.de\/index.php\/wp-json\/wp\/v2\/types\/page"}],"author":[{"embeddable":true,"href":"https:\/\/www.arssaltandi.de\/index.php\/wp-json\/wp\/v2\/users\/3"}],"replies":[{"embeddable":true,"href":"https:\/\/www.arssaltandi.de\/index.php\/wp-json\/wp\/v2\/comments?post=1812"}],"version-history":[{"count":56,"href":"https:\/\/www.arssaltandi.de\/index.php\/wp-json\/wp\/v2\/pages\/1812\/revisions"}],"predecessor-version":[{"id":17663,"href":"https:\/\/www.arssaltandi.de\/index.php\/wp-json\/wp\/v2\/pages\/1812\/revisions\/17663"}],"wp:attachment":[{"href":"https:\/\/www.arssaltandi.de\/index.php\/wp-json\/wp\/v2\/media?parent=1812"}],"curies":[{"name":"wp","href":"https:\/\/api.w.org\/{rel}","templated":true}]}}