{"id":2047,"date":"2021-09-17T08:51:46","date_gmt":"2021-09-17T08:51:46","guid":{"rendered":"https:\/\/www.arssaltandi.de\/?page_id=2047"},"modified":"2026-02-06T12:30:59","modified_gmt":"2026-02-06T11:30:59","slug":"vertikaltuch-5","status":"publish","type":"page","link":"https:\/\/www.arssaltandi.de\/index.php\/vertikaltuch-5\/","title":{"rendered":"Kurs_Vertikaltuch"},"content":{"rendered":"\t\t<div data-elementor-type=\"wp-page\" data-elementor-id=\"2047\" class=\"elementor elementor-2047\" data-elementor-post-type=\"page\">\n\t\t\t\t\t\t<section class=\"elementor-section elementor-top-section elementor-element elementor-element-9145a5b elementor-section-boxed elementor-section-height-default elementor-section-height-default\" data-id=\"9145a5b\" data-element_type=\"section\" data-e-type=\"section\">\n\t\t\t\t\t\t<div class=\"elementor-container elementor-column-gap-default\">\n\t\t\t\t\t<div class=\"elementor-column elementor-col-100 elementor-top-column elementor-element elementor-element-81cd981\" data-id=\"81cd981\" data-element_type=\"column\" data-e-type=\"column\">\n\t\t\t<div class=\"elementor-widget-wrap elementor-element-populated\">\n\t\t\t\t\t\t<div class=\"elementor-element elementor-element-81d4406 elementor-widget elementor-widget-heading\" data-id=\"81d4406\" data-element_type=\"widget\" data-e-type=\"widget\" data-widget_type=\"heading.default\">\n\t\t\t\t<div class=\"elementor-widget-container\">\n\t\t\t\t\t<h2 class=\"elementor-heading-title elementor-size-default\">VERTIKALTUCH<\/h2>\t\t\t\t<\/div>\n\t\t\t\t<\/div>\n\t\t\t\t<div class=\"elementor-element elementor-element-f898e3e elementor-widget elementor-widget-heading\" data-id=\"f898e3e\" data-element_type=\"widget\" data-e-type=\"widget\" data-widget_type=\"heading.default\">\n\t\t\t\t<div class=\"elementor-widget-container\">\n\t\t\t\t\t<h4 class=\"elementor-heading-title elementor-size-default\">KINDER UND JUGENDLICHE<\/h4>\t\t\t\t<\/div>\n\t\t\t\t<\/div>\n\t\t\t\t<div class=\"elementor-element elementor-element-43d06f2 elementor-widget elementor-widget-heading\" data-id=\"43d06f2\" data-element_type=\"widget\" data-e-type=\"widget\" data-widget_type=\"heading.default\">\n\t\t\t\t<div class=\"elementor-widget-container\">\n\t\t\t\t\t<h4 class=\"elementor-heading-title elementor-size-medium\">7 - 10 Jahre: montags 15:00 - 16:00 Uhr bei Jolanda | Studio 5<br>dienstags 18:00 - 19:00 Uhr bei Jolanda| Studio 4<br> mittwochs 15:00 - 16:00 Uhr bei Charlotte | Studio 4<br>ab 10 Jahren: montags 16:00 - 17:00 Uhr bei Jolanda | Studio 5 <br> &amp;  mittwochs 16:00 - 17:00 Uhr bei Charlotte | Studio 4<br>\nab 11 Jahren: dienstags 19:00 - 20:00 Uhr bei Tina | Studio 4<br>\nab 12 Jahren: donnerstags 18:15 - 19-15 Uhr bei Charlotte | Studio 4<\/h4>\t\t\t\t<\/div>\n\t\t\t\t<\/div>\n\t\t\t\t<div class=\"elementor-element elementor-element-4281e22 elementor-widget elementor-widget-heading\" data-id=\"4281e22\" data-element_type=\"widget\" data-e-type=\"widget\" data-widget_type=\"heading.default\">\n\t\t\t\t<div class=\"elementor-widget-container\">\n\t\t\t\t\t<h4 class=\"elementor-heading-title elementor-size-default\">ERWACHSENE UND JUGENDLICHE AB 16 JAHREN<\/h4>\t\t\t\t<\/div>\n\t\t\t\t<\/div>\n\t\t\t\t<div class=\"elementor-element elementor-element-d39275a elementor-widget elementor-widget-heading\" data-id=\"d39275a\" data-element_type=\"widget\" data-e-type=\"widget\" data-widget_type=\"heading.default\">\n\t\t\t\t<div class=\"elementor-widget-container\">\n\t\t\t\t\t<h4 class=\"elementor-heading-title elementor-size-medium\">dienstags 20:00 - 21:00 Uhr bei Tina | Studio 4<\/h4>\t\t\t\t<\/div>\n\t\t\t\t<\/div>\n\t\t\t\t\t<\/div>\n\t\t<\/div>\n\t\t\t\t\t<\/div>\n\t\t<\/section>\n\t\t\t\t<section class=\"elementor-section elementor-top-section elementor-element elementor-element-7d10081 elementor-section-boxed elementor-section-height-default elementor-section-height-default\" data-id=\"7d10081\" data-element_type=\"section\" data-e-type=\"section\">\n\t\t\t\t\t\t<div class=\"elementor-container elementor-column-gap-default\">\n\t\t\t\t\t<div class=\"elementor-column elementor-col-100 elementor-top-column elementor-element elementor-element-6ae5401\" data-id=\"6ae5401\" data-element_type=\"column\" data-e-type=\"column\">\n\t\t\t<div class=\"elementor-widget-wrap elementor-element-populated\">\n\t\t\t\t\t\t<div class=\"elementor-element elementor-element-a7dfa89 elementor-widget elementor-widget-image-gallery\" data-id=\"a7dfa89\" data-element_type=\"widget\" data-e-type=\"widget\" data-widget_type=\"image-gallery.default\">\n\t\t\t\t<div class=\"elementor-widget-container\">\n\t\t\t\t\t\t\t<div class=\"elementor-image-gallery\">\n\t\t\t<div id='gallery-1' class='gallery galleryid-2047 gallery-columns-3 gallery-size-2048x2048'><figure class='gallery-item'>\n\t\t\t<div class='gallery-icon landscape'>\n\t\t\t\t<a data-elementor-open-lightbox=\"yes\" data-elementor-lightbox-slideshow=\"a7dfa89\" data-elementor-lightbox-title=\"WHH__DSF3623-e1604668612640-300x250\" data-e-action-hash=\"#elementor-action%3Aaction%3Dlightbox%26settings%3DeyJpZCI6MjAzMiwidXJsIjoiaHR0cHM6XC9cL3d3dy5hcnNzYWx0YW5kaS5kZVwvd3AtY29udGVudFwvdXBsb2Fkc1wvMjAyMVwvMDlcL1dISF9fRFNGMzYyMy1lMTYwNDY2ODYxMjY0MC0zMDB4MjUwLTEud2VicCIsInNsaWRlc2hvdyI6ImE3ZGZhODkifQ%3D%3D\" href='https:\/\/www.arssaltandi.de\/wp-content\/uploads\/2021\/09\/WHH__DSF3623-e1604668612640-300x250-1.webp'><img fetchpriority=\"high\" decoding=\"async\" width=\"300\" height=\"250\" src=\"https:\/\/www.arssaltandi.de\/wp-content\/uploads\/2021\/09\/WHH__DSF3623-e1604668612640-300x250-1.webp\" class=\"attachment-2048x2048 size-2048x2048\" alt=\"\" \/><\/a>\n\t\t\t<\/div><\/figure><figure class='gallery-item'>\n\t\t\t<div class='gallery-icon landscape'>\n\t\t\t\t<a data-elementor-open-lightbox=\"yes\" data-elementor-lightbox-slideshow=\"a7dfa89\" data-elementor-lightbox-title=\"HjQ699E5\" data-e-action-hash=\"#elementor-action%3Aaction%3Dlightbox%26settings%3DeyJpZCI6NTc2OSwidXJsIjoiaHR0cHM6XC9cL3d3dy5hcnNzYWx0YW5kaS5kZVwvd3AtY29udGVudFwvdXBsb2Fkc1wvSGpRNjk5RTUtc2NhbGVkLndlYnAiLCJzbGlkZXNob3ciOiJhN2RmYTg5In0%3D\" href='https:\/\/www.arssaltandi.de\/wp-content\/uploads\/HjQ699E5-scaled.webp'><img decoding=\"async\" width=\"1920\" height=\"1277\" src=\"https:\/\/www.arssaltandi.de\/wp-content\/uploads\/HjQ699E5-2048x1362.webp\" class=\"attachment-2048x2048 size-2048x2048\" alt=\"\" srcset=\"https:\/\/www.arssaltandi.de\/wp-content\/uploads\/HjQ699E5-scaled.webp 1920w, https:\/\/www.arssaltandi.de\/wp-content\/uploads\/HjQ699E5-300x199.webp 300w, https:\/\/www.arssaltandi.de\/wp-content\/uploads\/HjQ699E5-1024x681.webp 1024w, https:\/\/www.arssaltandi.de\/wp-content\/uploads\/HjQ699E5-768x511.webp 768w, https:\/\/www.arssaltandi.de\/wp-content\/uploads\/HjQ699E5-1536x1021.webp 1536w\" sizes=\"(max-width: 1920px) 100vw, 1920px\" \/><\/a>\n\t\t\t<\/div><\/figure><figure class='gallery-item'>\n\t\t\t<div class='gallery-icon landscape'>\n\t\t\t\t<a data-elementor-open-lightbox=\"yes\" data-elementor-lightbox-slideshow=\"a7dfa89\" data-elementor-lightbox-title=\"Vertikaltuch (ab 10)\" data-e-action-hash=\"#elementor-action%3Aaction%3Dlightbox%26settings%3DeyJpZCI6NTc3NCwidXJsIjoiaHR0cHM6XC9cL3d3dy5hcnNzYWx0YW5kaS5kZVwvd3AtY29udGVudFwvdXBsb2Fkc1wvV0hIX19EU0YxNTAxLTMwMHgyNTAtMS53ZWJwIiwic2xpZGVzaG93IjoiYTdkZmE4OSJ9\" href='https:\/\/www.arssaltandi.de\/wp-content\/uploads\/WHH__DSF1501-300x250-1.webp'><img decoding=\"async\" width=\"300\" height=\"250\" src=\"https:\/\/www.arssaltandi.de\/wp-content\/uploads\/WHH__DSF1501-300x250-1.webp\" class=\"attachment-2048x2048 size-2048x2048\" alt=\"\" \/><\/a>\n\t\t\t<\/div><\/figure>\n\t\t<\/div>\n\t\t<\/div>\n\t\t\t\t\t\t<\/div>\n\t\t\t\t<\/div>\n\t\t\t\t\t<\/div>\n\t\t<\/div>\n\t\t\t\t\t<\/div>\n\t\t<\/section>\n\t\t\t\t<section class=\"elementor-section elementor-top-section elementor-element elementor-element-b8bf347 elementor-section-boxed elementor-section-height-default elementor-section-height-default\" data-id=\"b8bf347\" data-element_type=\"section\" data-e-type=\"section\">\n\t\t\t\t\t\t<div class=\"elementor-container elementor-column-gap-default\">\n\t\t\t\t\t<div class=\"elementor-column elementor-col-33 elementor-top-column elementor-element elementor-element-5101bae\" data-id=\"5101bae\" data-element_type=\"column\" data-e-type=\"column\">\n\t\t\t<div class=\"elementor-widget-wrap\">\n\t\t\t\t\t\t\t<\/div>\n\t\t<\/div>\n\t\t\t\t<div class=\"elementor-column elementor-col-33 elementor-top-column elementor-element elementor-element-c0b7b82\" data-id=\"c0b7b82\" data-element_type=\"column\" data-e-type=\"column\">\n\t\t\t<div class=\"elementor-widget-wrap elementor-element-populated\">\n\t\t\t\t\t\t<div class=\"elementor-element elementor-element-fb5cd50 elementor-widget elementor-widget-heading\" data-id=\"fb5cd50\" data-element_type=\"widget\" data-e-type=\"widget\" data-widget_type=\"heading.default\">\n\t\t\t\t<div class=\"elementor-widget-container\">\n\t\t\t\t\t<h2 class=\"elementor-heading-title elementor-size-default\"> Klettern, knoten, wickeln, rutschen und vielleicht sogar fallen?! <\/h2>\t\t\t\t<\/div>\n\t\t\t\t<\/div>\n\t\t\t\t<div class=\"elementor-element elementor-element-2a782f4 elementor-widget elementor-widget-text-editor\" data-id=\"2a782f4\" data-element_type=\"widget\" data-e-type=\"widget\" data-widget_type=\"text-editor.default\">\n\t\t\t\t<div class=\"elementor-widget-container\">\n\t\t\t\t\t\t\t\t\t<p>In diesen Kursen lernt Ihr an den Vertikalt\u00fcchern zu klettern, knoten und zu schwingen und Euch in elegante Figuren zu wickeln. Das Tuch er\u00f6ffnet die M\u00f6glichkeit, sich in die Luft zu begeben und die Welt aus einer neuen Perspektive zu betrachten. F\u00fcr alle, die ein bisschen H\u00f6henluft schnuppern wollen und Spa\u00df an artistischen Darbietungen haben!<\/p>\t\t\t\t\t\t\t\t<\/div>\n\t\t\t\t<\/div>\n\t\t\t\t\t<\/div>\n\t\t<\/div>\n\t\t\t\t<div class=\"elementor-column elementor-col-33 elementor-top-column elementor-element elementor-element-b0b0c11\" data-id=\"b0b0c11\" data-element_type=\"column\" data-e-type=\"column\">\n\t\t\t<div class=\"elementor-widget-wrap\">\n\t\t\t\t\t\t\t<\/div>\n\t\t<\/div>\n\t\t\t\t\t<\/div>\n\t\t<\/section>\n\t\t\t\t<section class=\"elementor-section elementor-top-section elementor-element elementor-element-025e4d9 elementor-section-boxed elementor-section-height-default elementor-section-height-default\" data-id=\"025e4d9\" data-element_type=\"section\" data-e-type=\"section\">\n\t\t\t\t\t\t<div class=\"elementor-container elementor-column-gap-default\">\n\t\t\t\t\t<div class=\"elementor-column elementor-col-100 elementor-top-column elementor-element elementor-element-e607245\" data-id=\"e607245\" data-element_type=\"column\" data-e-type=\"column\">\n\t\t\t<div class=\"elementor-widget-wrap elementor-element-populated\">\n\t\t\t\t\t\t<div class=\"elementor-element elementor-element-bc5a340 elementor-widget elementor-widget-spacer\" data-id=\"bc5a340\" data-element_type=\"widget\" data-e-type=\"widget\" data-widget_type=\"spacer.default\">\n\t\t\t\t<div class=\"elementor-widget-container\">\n\t\t\t\t\t\t\t<div class=\"elementor-spacer\">\n\t\t\t<div class=\"elementor-spacer-inner\"><\/div>\n\t\t<\/div>\n\t\t\t\t\t\t<\/div>\n\t\t\t\t<\/div>\n\t\t\t\t\t<\/div>\n\t\t<\/div>\n\t\t\t\t\t<\/div>\n\t\t<\/section>\n\t\t\t\t<section class=\"elementor-section elementor-top-section elementor-element elementor-element-131af9c elementor-section-boxed elementor-section-height-default elementor-section-height-default\" data-id=\"131af9c\" data-element_type=\"section\" data-e-type=\"section\">\n\t\t\t\t\t\t<div class=\"elementor-container elementor-column-gap-default\">\n\t\t\t\t\t<div class=\"elementor-column elementor-col-20 elementor-top-column elementor-element elementor-element-12a49d8\" data-id=\"12a49d8\" data-element_type=\"column\" data-e-type=\"column\">\n\t\t\t<div class=\"elementor-widget-wrap elementor-element-populated\">\n\t\t\t\t\t\t<div class=\"elementor-element elementor-element-09d82e2 elementor-widget elementor-widget-image\" data-id=\"09d82e2\" data-element_type=\"widget\" data-e-type=\"widget\" data-widget_type=\"image.default\">\n\t\t\t\t<div class=\"elementor-widget-container\">\n\t\t\t\t\t\t\t\t\t\t\t\t\t\t\t<img loading=\"lazy\" decoding=\"async\" width=\"768\" height=\"285\" src=\"https:\/\/www.arssaltandi.de\/wp-content\/uploads\/Logo-AS-MA-weiss-768x285.png\" class=\"attachment-medium_large size-medium_large wp-image-3288\" alt=\"\" srcset=\"https:\/\/www.arssaltandi.de\/wp-content\/uploads\/Logo-AS-MA-weiss-768x285.png 768w, https:\/\/www.arssaltandi.de\/wp-content\/uploads\/Logo-AS-MA-weiss-300x111.png 300w, https:\/\/www.arssaltandi.de\/wp-content\/uploads\/Logo-AS-MA-weiss-1024x380.png 1024w, https:\/\/www.arssaltandi.de\/wp-content\/uploads\/Logo-AS-MA-weiss-1536x570.png 1536w, https:\/\/www.arssaltandi.de\/wp-content\/uploads\/Logo-AS-MA-weiss-2048x760.png 2048w\" sizes=\"(max-width: 768px) 100vw, 768px\" \/>\t\t\t\t\t\t\t\t\t\t\t\t\t\t\t<\/div>\n\t\t\t\t<\/div>\n\t\t\t\t\t<\/div>\n\t\t<\/div>\n\t\t\t\t<div class=\"elementor-column elementor-col-20 elementor-top-column elementor-element elementor-element-32edcc5\" data-id=\"32edcc5\" data-element_type=\"column\" data-e-type=\"column\">\n\t\t\t<div class=\"elementor-widget-wrap elementor-element-populated\">\n\t\t\t\t\t\t<div class=\"elementor-element elementor-element-b76fd5b elementor-widget elementor-widget-image\" data-id=\"b76fd5b\" data-element_type=\"widget\" data-e-type=\"widget\" data-widget_type=\"image.default\">\n\t\t\t\t<div class=\"elementor-widget-container\">\n\t\t\t\t\t\t\t\t\t\t\t\t\t\t\t<img loading=\"lazy\" decoding=\"async\" width=\"800\" height=\"387\" src=\"https:\/\/www.arssaltandi.de\/wp-content\/uploads\/Bildschirmfoto-2018-06-27-um-21.46.00-1-1024x495-1.jpg\" class=\"attachment-large size-large wp-image-9558\" alt=\"\" srcset=\"https:\/\/www.arssaltandi.de\/wp-content\/uploads\/Bildschirmfoto-2018-06-27-um-21.46.00-1-1024x495-1.jpg 1024w, https:\/\/www.arssaltandi.de\/wp-content\/uploads\/Bildschirmfoto-2018-06-27-um-21.46.00-1-1024x495-1-300x145.webp 300w, https:\/\/www.arssaltandi.de\/wp-content\/uploads\/Bildschirmfoto-2018-06-27-um-21.46.00-1-1024x495-1-768x371.webp 768w\" sizes=\"(max-width: 800px) 100vw, 800px\" \/>\t\t\t\t\t\t\t\t\t\t\t\t\t\t\t<\/div>\n\t\t\t\t<\/div>\n\t\t\t\t\t<\/div>\n\t\t<\/div>\n\t\t\t\t<div class=\"elementor-column elementor-col-20 elementor-top-column elementor-element elementor-element-363dd5d\" data-id=\"363dd5d\" data-element_type=\"column\" data-e-type=\"column\">\n\t\t\t<div class=\"elementor-widget-wrap\">\n\t\t\t\t\t\t\t<\/div>\n\t\t<\/div>\n\t\t\t\t<div class=\"elementor-column elementor-col-20 elementor-top-column elementor-element elementor-element-e29f25b\" data-id=\"e29f25b\" data-element_type=\"column\" data-e-type=\"column\">\n\t\t\t<div class=\"elementor-widget-wrap elementor-element-populated\">\n\t\t\t\t\t\t<div class=\"elementor-element elementor-element-bb289fd elementor-widget__width-initial elementor-widget elementor-widget-image\" data-id=\"bb289fd\" data-element_type=\"widget\" data-e-type=\"widget\" data-widget_type=\"image.default\">\n\t\t\t\t<div class=\"elementor-widget-container\">\n\t\t\t\t\t\t\t\t\t\t\t\t\t\t\t<img loading=\"lazy\" decoding=\"async\" width=\"745\" height=\"276\" src=\"https:\/\/www.arssaltandi.de\/wp-content\/uploads\/Logo-AS-MA-weiss.webp\" class=\"attachment-large size-large wp-image-9039\" alt=\"\" srcset=\"https:\/\/www.arssaltandi.de\/wp-content\/uploads\/Logo-AS-MA-weiss.webp 745w, https:\/\/www.arssaltandi.de\/wp-content\/uploads\/Logo-AS-MA-weiss-300x111.webp 300w\" sizes=\"(max-width: 745px) 100vw, 745px\" \/>\t\t\t\t\t\t\t\t\t\t\t\t\t\t\t<\/div>\n\t\t\t\t<\/div>\n\t\t\t\t<div class=\"elementor-element elementor-element-4ab5d7b elementor-widget elementor-widget-text-editor\" data-id=\"4ab5d7b\" data-element_type=\"widget\" data-e-type=\"widget\" data-widget_type=\"text-editor.default\">\n\t\t\t\t<div class=\"elementor-widget-container\">\n\t\t\t\t\t\t\t\t\t<p>Carl-Zeiss-Str. 18a<br \/>31137 Hildesheim<\/p>\t\t\t\t\t\t\t\t<\/div>\n\t\t\t\t<\/div>\n\t\t\t\t<div class=\"elementor-element elementor-element-1948c3f elementor-widget elementor-widget-button\" data-id=\"1948c3f\" data-element_type=\"widget\" data-e-type=\"widget\" data-widget_type=\"button.default\">\n\t\t\t\t<div class=\"elementor-widget-container\">\n\t\t\t\t\t\t\t\t\t<div class=\"elementor-button-wrapper\">\n\t\t\t\t\t<a class=\"elementor-button elementor-button-link elementor-size-sm elementor-animation-grow\" href=\"https:\/\/www.google.de\/maps\/place\/ARS+SALTANDI+Moving+Arts\/@52.1671341,9.9193115,17z\/data=!4m12!1m6!3m5!1s0x47baaf654b85bf09:0x259a34090929a03d!2sARS+SALTANDI+Dance+%26+Drama+School!8m2!3d52.1679799!4d9.9216837!3m4!1s0x47baaf7ae987b117:0xffc1255bc5c40bbc!8m2!3d52.1665251!4d9.9199707\" target=\"_blank\">\n\t\t\t\t\t\t<span class=\"elementor-button-content-wrapper\">\n\t\t\t\t\t\t<span class=\"elementor-button-icon\">\n\t\t\t\t<i aria-hidden=\"true\" class=\"fas fa-minus\"><\/i>\t\t\t<\/span>\n\t\t\t\t\t\t\t\t\t<span class=\"elementor-button-text\">ZU GOOGLE MAPS<\/span>\n\t\t\t\t\t<\/span>\n\t\t\t\t\t<\/a>\n\t\t\t\t<\/div>\n\t\t\t\t\t\t\t\t<\/div>\n\t\t\t\t<\/div>\n\t\t\t\t<div class=\"elementor-element elementor-element-ab750ac elementor-align-left elementor-widget elementor-widget-button\" data-id=\"ab750ac\" data-element_type=\"widget\" data-e-type=\"widget\" data-widget_type=\"button.default\">\n\t\t\t\t<div class=\"elementor-widget-container\">\n\t\t\t\t\t\t\t\t\t<div class=\"elementor-button-wrapper\">\n\t\t\t\t\t<a class=\"elementor-button elementor-button-link elementor-size-sm elementor-animation-grow\" href=\"https:\/\/ssl.webpack.de\/plaene.svhi-hildesheim.de\/svhi2017\/isoli\/tfp\/data2017\/tfp_1_2.pdf\" target=\"_blank\">\n\t\t\t\t\t\t<span class=\"elementor-button-content-wrapper\">\n\t\t\t\t\t\t<span class=\"elementor-button-icon\">\n\t\t\t\t<i aria-hidden=\"true\" class=\"far fa-arrow-alt-circle-right\"><\/i>\t\t\t<\/span>\n\t\t\t\t\t\t\t\t\t<span class=\"elementor-button-text\">zum Fahrplan SVHI<\/span>\n\t\t\t\t\t<\/span>\n\t\t\t\t\t<\/a>\n\t\t\t\t<\/div>\n\t\t\t\t\t\t\t\t<\/div>\n\t\t\t\t<\/div>\n\t\t\t\t\t<\/div>\n\t\t<\/div>\n\t\t\t\t<div class=\"elementor-column elementor-col-20 elementor-top-column elementor-element elementor-element-6bfcf4c\" data-id=\"6bfcf4c\" data-element_type=\"column\" data-e-type=\"column\">\n\t\t\t<div class=\"elementor-widget-wrap\">\n\t\t\t\t\t\t\t<\/div>\n\t\t<\/div>\n\t\t\t\t\t<\/div>\n\t\t<\/section>\n\t\t\t\t<section class=\"elementor-section elementor-top-section elementor-element elementor-element-92f4a0a elementor-section-boxed elementor-section-height-default elementor-section-height-default\" data-id=\"92f4a0a\" data-element_type=\"section\" data-e-type=\"section\">\n\t\t\t\t\t\t<div class=\"elementor-container elementor-column-gap-default\">\n\t\t\t\t\t<div class=\"elementor-column elementor-col-100 elementor-top-column elementor-element elementor-element-4cef0fd\" data-id=\"4cef0fd\" data-element_type=\"column\" data-e-type=\"column\">\n\t\t\t<div class=\"elementor-widget-wrap elementor-element-populated\">\n\t\t\t\t\t\t<div class=\"elementor-element elementor-element-ffe8ac5 elementor-widget elementor-widget-spacer\" data-id=\"ffe8ac5\" data-element_type=\"widget\" data-e-type=\"widget\" data-widget_type=\"spacer.default\">\n\t\t\t\t<div class=\"elementor-widget-container\">\n\t\t\t\t\t\t\t<div class=\"elementor-spacer\">\n\t\t\t<div class=\"elementor-spacer-inner\"><\/div>\n\t\t<\/div>\n\t\t\t\t\t\t<\/div>\n\t\t\t\t<\/div>\n\t\t\t\t\t<\/div>\n\t\t<\/div>\n\t\t\t\t\t<\/div>\n\t\t<\/section>\n\t\t\t\t<section class=\"elementor-section elementor-top-section elementor-element elementor-element-5933287 elementor-section-boxed elementor-section-height-default elementor-section-height-default\" data-id=\"5933287\" data-element_type=\"section\" data-e-type=\"section\">\n\t\t\t\t\t\t<div class=\"elementor-container elementor-column-gap-default\">\n\t\t\t\t\t<div class=\"elementor-column elementor-col-100 elementor-top-column elementor-element elementor-element-0862919\" data-id=\"0862919\" data-element_type=\"column\" data-e-type=\"column\">\n\t\t\t<div class=\"elementor-widget-wrap elementor-element-populated\">\n\t\t\t\t\t\t<div class=\"elementor-element elementor-element-835b217 elementor-widget-divider--view-line elementor-widget elementor-widget-divider\" data-id=\"835b217\" data-element_type=\"widget\" data-e-type=\"widget\" data-widget_type=\"divider.default\">\n\t\t\t\t<div class=\"elementor-widget-container\">\n\t\t\t\t\t\t\t<div class=\"elementor-divider\">\n\t\t\t<span class=\"elementor-divider-separator\">\n\t\t\t\t\t\t<\/span>\n\t\t<\/div>\n\t\t\t\t\t\t<\/div>\n\t\t\t\t<\/div>\n\t\t\t\t\t<\/div>\n\t\t<\/div>\n\t\t\t\t\t<\/div>\n\t\t<\/section>\n\t\t\t\t<section class=\"elementor-section elementor-top-section elementor-element elementor-element-8795041 elementor-section-boxed elementor-section-height-default elementor-section-height-default\" data-id=\"8795041\" data-element_type=\"section\" data-e-type=\"section\" data-settings=\"{&quot;background_background&quot;:&quot;classic&quot;}\">\n\t\t\t\t\t\t<div class=\"elementor-container elementor-column-gap-default\">\n\t\t\t\t\t<div class=\"elementor-column elementor-col-33 elementor-top-column elementor-element elementor-element-22b3efe\" data-id=\"22b3efe\" data-element_type=\"column\" data-e-type=\"column\">\n\t\t\t<div class=\"elementor-widget-wrap elementor-element-populated\">\n\t\t\t\t\t\t<div class=\"elementor-element elementor-element-a4307ec elementor-align-center elementor-invisible elementor-widget elementor-widget-button\" data-id=\"a4307ec\" data-element_type=\"widget\" data-e-type=\"widget\" data-settings=\"{&quot;_animation&quot;:&quot;zoomIn&quot;}\" data-widget_type=\"button.default\">\n\t\t\t\t<div class=\"elementor-widget-container\">\n\t\t\t\t\t\t\t\t\t<div class=\"elementor-button-wrapper\">\n\t\t\t\t\t<a class=\"elementor-button elementor-button-link elementor-size-md elementor-animation-grow\" href=\"https:\/\/www.arssaltandi.de\/index.php\/probestunde\/\">\n\t\t\t\t\t\t<span class=\"elementor-button-content-wrapper\">\n\t\t\t\t\t\t\t\t\t<span class=\"elementor-button-text\">Probestunde<\/span>\n\t\t\t\t\t<\/span>\n\t\t\t\t\t<\/a>\n\t\t\t\t<\/div>\n\t\t\t\t\t\t\t\t<\/div>\n\t\t\t\t<\/div>\n\t\t\t\t\t<\/div>\n\t\t<\/div>\n\t\t\t\t<div class=\"elementor-column elementor-col-33 elementor-top-column elementor-element elementor-element-8e767df\" data-id=\"8e767df\" data-element_type=\"column\" data-e-type=\"column\">\n\t\t\t<div class=\"elementor-widget-wrap elementor-element-populated\">\n\t\t\t\t\t\t<div class=\"elementor-element elementor-element-858d69c elementor-align-center elementor-invisible elementor-widget elementor-widget-button\" data-id=\"858d69c\" data-element_type=\"widget\" data-e-type=\"widget\" data-settings=\"{&quot;_animation&quot;:&quot;zoomIn&quot;,&quot;_animation_delay&quot;:500}\" data-widget_type=\"button.default\">\n\t\t\t\t<div class=\"elementor-widget-container\">\n\t\t\t\t\t\t\t\t\t<div class=\"elementor-button-wrapper\">\n\t\t\t\t\t<a class=\"elementor-button elementor-button-link elementor-size-md elementor-animation-grow\" href=\"https:\/\/www.arssaltandi.de\/index.php\/finde-deinen-kurs\/#allekurse\">\n\t\t\t\t\t\t<span class=\"elementor-button-content-wrapper\">\n\t\t\t\t\t\t\t\t\t<span class=\"elementor-button-text\">Alle Kurse<\/span>\n\t\t\t\t\t<\/span>\n\t\t\t\t\t<\/a>\n\t\t\t\t<\/div>\n\t\t\t\t\t\t\t\t<\/div>\n\t\t\t\t<\/div>\n\t\t\t\t\t<\/div>\n\t\t<\/div>\n\t\t\t\t<div class=\"elementor-column elementor-col-33 elementor-top-column elementor-element elementor-element-30b8a9e\" data-id=\"30b8a9e\" data-element_type=\"column\" data-e-type=\"column\">\n\t\t\t<div class=\"elementor-widget-wrap elementor-element-populated\">\n\t\t\t\t\t\t<div class=\"elementor-element elementor-element-83a0d90 elementor-align-center elementor-invisible elementor-widget elementor-widget-button\" data-id=\"83a0d90\" data-element_type=\"widget\" data-e-type=\"widget\" data-settings=\"{&quot;_animation&quot;:&quot;zoomIn&quot;,&quot;_animation_delay&quot;:1000}\" data-widget_type=\"button.default\">\n\t\t\t\t<div class=\"elementor-widget-container\">\n\t\t\t\t\t\t\t\t\t<div class=\"elementor-button-wrapper\">\n\t\t\t\t\t<a class=\"elementor-button elementor-button-link elementor-size-md elementor-animation-grow\" href=\"https:\/\/www.arssaltandi.de\/index.php\/unsere-dozenten\/\">\n\t\t\t\t\t\t<span class=\"elementor-button-content-wrapper\">\n\t\t\t\t\t\t\t\t\t<span class=\"elementor-button-text\">Alle Dozentinnen<\/span>\n\t\t\t\t\t<\/span>\n\t\t\t\t\t<\/a>\n\t\t\t\t<\/div>\n\t\t\t\t\t\t\t\t<\/div>\n\t\t\t\t<\/div>\n\t\t\t\t\t<\/div>\n\t\t<\/div>\n\t\t\t\t\t<\/div>\n\t\t<\/section>\n\t\t\t\t<section class=\"elementor-section elementor-top-section elementor-element elementor-element-4876a17 elementor-section-boxed elementor-section-height-default elementor-section-height-default\" data-id=\"4876a17\" data-element_type=\"section\" data-e-type=\"section\">\n\t\t\t\t\t\t<div class=\"elementor-container elementor-column-gap-default\">\n\t\t\t\t\t<div class=\"elementor-column elementor-col-100 elementor-top-column elementor-element elementor-element-6e7633e\" data-id=\"6e7633e\" data-element_type=\"column\" data-e-type=\"column\">\n\t\t\t<div class=\"elementor-widget-wrap elementor-element-populated\">\n\t\t\t\t\t\t<div class=\"elementor-element elementor-element-c2d0a5b elementor-widget elementor-widget-spacer\" data-id=\"c2d0a5b\" data-element_type=\"widget\" data-e-type=\"widget\" data-widget_type=\"spacer.default\">\n\t\t\t\t<div class=\"elementor-widget-container\">\n\t\t\t\t\t\t\t<div class=\"elementor-spacer\">\n\t\t\t<div class=\"elementor-spacer-inner\"><\/div>\n\t\t<\/div>\n\t\t\t\t\t\t<\/div>\n\t\t\t\t<\/div>\n\t\t\t\t\t<\/div>\n\t\t<\/div>\n\t\t\t\t\t<\/div>\n\t\t<\/section>\n\t\t\t\t<\/div>\n\t\t","protected":false},"excerpt":{"rendered":"<p>VERTIKALTUCH KINDER UND JUGENDLICHE 7 &#8211; 10 Jahre: montags 15:00 &#8211; 16:00 Uhr bei Jolanda | Studio 5dienstags 18:00 &#8211; 19:00 Uhr bei Jolanda| Studio 4 mittwochs 15:00 &#8211; 16:00 Uhr bei Charlotte | Studio 4ab 10 Jahren: montags 16:00 &#8211; 17:00 Uhr bei Jolanda | Studio 5 &amp; mittwochs 16:00 &#8211; 17:00 Uhr bei [&hellip;]<\/p>\n","protected":false},"author":3,"featured_media":0,"parent":0,"menu_order":0,"comment_status":"closed","ping_status":"closed","template":"elementor_header_footer","meta":{"footnotes":""},"class_list":["post-2047","page","type-page","status-publish","hentry"],"_links":{"self":[{"href":"https:\/\/www.arssaltandi.de\/index.php\/wp-json\/wp\/v2\/pages\/2047","targetHints":{"allow":["GET"]}}],"collection":[{"href":"https:\/\/www.arssaltandi.de\/index.php\/wp-json\/wp\/v2\/pages"}],"about":[{"href":"https:\/\/www.arssaltandi.de\/index.php\/wp-json\/wp\/v2\/types\/page"}],"author":[{"embeddable":true,"href":"https:\/\/www.arssaltandi.de\/index.php\/wp-json\/wp\/v2\/users\/3"}],"replies":[{"embeddable":true,"href":"https:\/\/www.arssaltandi.de\/index.php\/wp-json\/wp\/v2\/comments?post=2047"}],"version-history":[{"count":59,"href":"https:\/\/www.arssaltandi.de\/index.php\/wp-json\/wp\/v2\/pages\/2047\/revisions"}],"predecessor-version":[{"id":17700,"href":"https:\/\/www.arssaltandi.de\/index.php\/wp-json\/wp\/v2\/pages\/2047\/revisions\/17700"}],"wp:attachment":[{"href":"https:\/\/www.arssaltandi.de\/index.php\/wp-json\/wp\/v2\/media?parent=2047"}],"curies":[{"name":"wp","href":"https:\/\/api.w.org\/{rel}","templated":true}]}}