{"id":901,"date":"2021-09-12T17:10:18","date_gmt":"2021-09-12T17:10:18","guid":{"rendered":"https:\/\/www.arssaltandi.de\/?page_id=901"},"modified":"2024-02-11T18:34:22","modified_gmt":"2024-02-11T17:34:22","slug":"impressum","status":"publish","type":"page","link":"https:\/\/www.arssaltandi.de\/index.php\/impressum\/","title":{"rendered":"Impressum"},"content":{"rendered":"\t\t<div data-elementor-type=\"wp-page\" data-elementor-id=\"901\" class=\"elementor elementor-901\" data-elementor-post-type=\"page\">\n\t\t\t\t\t\t<section class=\"elementor-section elementor-top-section elementor-element elementor-element-21ddb0c elementor-section-boxed elementor-section-height-default elementor-section-height-default\" data-id=\"21ddb0c\" data-element_type=\"section\" data-e-type=\"section\">\n\t\t\t\t\t\t<div class=\"elementor-container elementor-column-gap-default\">\n\t\t\t\t\t<div class=\"elementor-column elementor-col-100 elementor-top-column elementor-element elementor-element-c5fa0b5\" data-id=\"c5fa0b5\" data-element_type=\"column\" data-e-type=\"column\">\n\t\t\t<div class=\"elementor-widget-wrap elementor-element-populated\">\n\t\t\t\t\t\t<div class=\"elementor-element elementor-element-50019c1 elementor-widget elementor-widget-heading\" data-id=\"50019c1\" data-element_type=\"widget\" data-e-type=\"widget\" data-widget_type=\"heading.default\">\n\t\t\t\t<div class=\"elementor-widget-container\">\n\t\t\t\t\t<h2 class=\"elementor-heading-title elementor-size-default\">Impressum<\/h2>\t\t\t\t<\/div>\n\t\t\t\t<\/div>\n\t\t\t\t<div class=\"elementor-element elementor-element-b24a691 elementor-widget-divider--view-line elementor-widget elementor-widget-divider\" data-id=\"b24a691\" data-element_type=\"widget\" data-e-type=\"widget\" data-widget_type=\"divider.default\">\n\t\t\t\t<div class=\"elementor-widget-container\">\n\t\t\t\t\t\t\t<div class=\"elementor-divider\">\n\t\t\t<span class=\"elementor-divider-separator\">\n\t\t\t\t\t\t<\/span>\n\t\t<\/div>\n\t\t\t\t\t\t<\/div>\n\t\t\t\t<\/div>\n\t\t\t\t\t<\/div>\n\t\t<\/div>\n\t\t\t\t\t<\/div>\n\t\t<\/section>\n\t\t\t\t<section class=\"elementor-section elementor-top-section elementor-element elementor-element-28dd8a5 elementor-section-boxed elementor-section-height-default elementor-section-height-default\" data-id=\"28dd8a5\" data-element_type=\"section\" data-e-type=\"section\">\n\t\t\t\t\t\t<div class=\"elementor-container elementor-column-gap-default\">\n\t\t\t\t\t<div class=\"elementor-column elementor-col-20 elementor-top-column elementor-element elementor-element-5b14777\" data-id=\"5b14777\" data-element_type=\"column\" data-e-type=\"column\">\n\t\t\t<div class=\"elementor-widget-wrap\">\n\t\t\t\t\t\t\t<\/div>\n\t\t<\/div>\n\t\t\t\t<div class=\"elementor-column elementor-col-20 elementor-top-column elementor-element elementor-element-33df132\" data-id=\"33df132\" data-element_type=\"column\" data-e-type=\"column\">\n\t\t\t<div class=\"elementor-widget-wrap elementor-element-populated\">\n\t\t\t\t\t\t<div class=\"elementor-element elementor-element-c6abe6c elementor-widget elementor-widget-text-editor\" data-id=\"c6abe6c\" data-element_type=\"widget\" data-e-type=\"widget\" data-widget_type=\"text-editor.default\">\n\t\t\t\t<div class=\"elementor-widget-container\">\n\t\t\t\t\t\t\t\t\t<p><b>ARS SALTANDI Dance &amp; Drama School<\/b><br \/>Katrin Katholnigg<br \/>Carl-Zeiss-Stra\u00dfe 26<br \/>31137 Hildesheim, Deutschland<\/p>\t\t\t\t\t\t\t\t<\/div>\n\t\t\t\t<\/div>\n\t\t\t\t<div class=\"elementor-element elementor-element-1aae78f elementor-widget elementor-widget-text-editor\" data-id=\"1aae78f\" data-element_type=\"widget\" data-e-type=\"widget\" data-widget_type=\"text-editor.default\">\n\t\t\t\t<div class=\"elementor-widget-container\">\n\t\t\t\t\t\t\t\t\tRechtsform: Einzelunternehmen\t\t\t\t\t\t\t\t<\/div>\n\t\t\t\t<\/div>\n\t\t\t\t\t<\/div>\n\t\t<\/div>\n\t\t\t\t<div class=\"elementor-column elementor-col-20 elementor-top-column elementor-element elementor-element-6a763e4\" data-id=\"6a763e4\" data-element_type=\"column\" data-e-type=\"column\">\n\t\t\t<div class=\"elementor-widget-wrap elementor-element-populated\">\n\t\t\t\t\t\t<div class=\"elementor-element elementor-element-c57da57 elementor-widget elementor-widget-text-editor\" data-id=\"c57da57\" data-element_type=\"widget\" data-e-type=\"widget\" data-widget_type=\"text-editor.default\">\n\t\t\t\t<div class=\"elementor-widget-container\">\n\t\t\t\t\t\t\t\t\tTelefon: 0 51 21 \u2013 20 656 46<br>\nTelefax: 0 51 21 \u2013 20 656 45<br>\nE-Mail: info@arssaltandi.de<br>\nOnline: www.arssaltandi.de\t\t\t\t\t\t\t\t<\/div>\n\t\t\t\t<\/div>\n\t\t\t\t\t<\/div>\n\t\t<\/div>\n\t\t\t\t<div class=\"elementor-column elementor-col-20 elementor-top-column elementor-element elementor-element-a16dbf8\" data-id=\"a16dbf8\" data-element_type=\"column\" data-e-type=\"column\">\n\t\t\t<div class=\"elementor-widget-wrap elementor-element-populated\">\n\t\t\t\t\t\t<div class=\"elementor-element elementor-element-ebac2c1 elementor-widget elementor-widget-image\" data-id=\"ebac2c1\" data-element_type=\"widget\" data-e-type=\"widget\" data-widget_type=\"image.default\">\n\t\t\t\t<div class=\"elementor-widget-container\">\n\t\t\t\t\t\t\t\t\t\t\t\t\t\t\t<img fetchpriority=\"high\" decoding=\"async\" width=\"800\" height=\"105\" src=\"https:\/\/www.arssaltandi.de\/wp-content\/uploads\/Group@3x-1024x134.webp\" class=\"attachment-large size-large wp-image-3598\" alt=\"\" srcset=\"https:\/\/www.arssaltandi.de\/wp-content\/uploads\/Group@3x-1024x134.webp 1024w, https:\/\/www.arssaltandi.de\/wp-content\/uploads\/Group@3x-300x39.webp 300w, https:\/\/www.arssaltandi.de\/wp-content\/uploads\/Group@3x-768x101.webp 768w, https:\/\/www.arssaltandi.de\/wp-content\/uploads\/Group@3x.webp 1031w\" sizes=\"(max-width: 800px) 100vw, 800px\" \/>\t\t\t\t\t\t\t\t\t\t\t\t\t\t\t<\/div>\n\t\t\t\t<\/div>\n\t\t\t\t\t<\/div>\n\t\t<\/div>\n\t\t\t\t<div class=\"elementor-column elementor-col-20 elementor-top-column elementor-element elementor-element-98e213c\" data-id=\"98e213c\" data-element_type=\"column\" data-e-type=\"column\">\n\t\t\t<div class=\"elementor-widget-wrap\">\n\t\t\t\t\t\t\t<\/div>\n\t\t<\/div>\n\t\t\t\t\t<\/div>\n\t\t<\/section>\n\t\t\t\t<section class=\"elementor-section elementor-top-section elementor-element elementor-element-31b8af4 elementor-section-boxed elementor-section-height-default elementor-section-height-default\" data-id=\"31b8af4\" data-element_type=\"section\" data-e-type=\"section\">\n\t\t\t\t\t\t<div class=\"elementor-container elementor-column-gap-default\">\n\t\t\t\t\t<div class=\"elementor-column elementor-col-100 elementor-top-column elementor-element elementor-element-fe80446\" data-id=\"fe80446\" data-element_type=\"column\" data-e-type=\"column\">\n\t\t\t<div class=\"elementor-widget-wrap elementor-element-populated\">\n\t\t\t\t\t\t<div class=\"elementor-element elementor-element-1f5d228 elementor-widget elementor-widget-spacer\" data-id=\"1f5d228\" data-element_type=\"widget\" data-e-type=\"widget\" data-widget_type=\"spacer.default\">\n\t\t\t\t<div class=\"elementor-widget-container\">\n\t\t\t\t\t\t\t<div class=\"elementor-spacer\">\n\t\t\t<div class=\"elementor-spacer-inner\"><\/div>\n\t\t<\/div>\n\t\t\t\t\t\t<\/div>\n\t\t\t\t<\/div>\n\t\t\t\t\t<\/div>\n\t\t<\/div>\n\t\t\t\t\t<\/div>\n\t\t<\/section>\n\t\t\t\t<section class=\"elementor-section elementor-top-section elementor-element elementor-element-0203575 elementor-section-boxed elementor-section-height-default elementor-section-height-default\" data-id=\"0203575\" data-element_type=\"section\" data-e-type=\"section\">\n\t\t\t\t\t\t<div class=\"elementor-container elementor-column-gap-default\">\n\t\t\t\t\t<div class=\"elementor-column elementor-col-100 elementor-top-column elementor-element elementor-element-be66bdc\" data-id=\"be66bdc\" data-element_type=\"column\" data-e-type=\"column\">\n\t\t\t<div class=\"elementor-widget-wrap elementor-element-populated\">\n\t\t\t\t\t\t<div class=\"elementor-element elementor-element-ac134a2 elementor-widget-divider--view-line elementor-widget elementor-widget-divider\" data-id=\"ac134a2\" data-element_type=\"widget\" data-e-type=\"widget\" data-widget_type=\"divider.default\">\n\t\t\t\t<div class=\"elementor-widget-container\">\n\t\t\t\t\t\t\t<div class=\"elementor-divider\">\n\t\t\t<span class=\"elementor-divider-separator\">\n\t\t\t\t\t\t<\/span>\n\t\t<\/div>\n\t\t\t\t\t\t<\/div>\n\t\t\t\t<\/div>\n\t\t\t\t<div class=\"elementor-element elementor-element-c31bae8 elementor-widget elementor-widget-spacer\" data-id=\"c31bae8\" data-element_type=\"widget\" data-e-type=\"widget\" data-widget_type=\"spacer.default\">\n\t\t\t\t<div class=\"elementor-widget-container\">\n\t\t\t\t\t\t\t<div class=\"elementor-spacer\">\n\t\t\t<div class=\"elementor-spacer-inner\"><\/div>\n\t\t<\/div>\n\t\t\t\t\t\t<\/div>\n\t\t\t\t<\/div>\n\t\t\t\t<div class=\"elementor-element elementor-element-012d684 elementor-widget elementor-widget-text-editor\" data-id=\"012d684\" data-element_type=\"widget\" data-e-type=\"widget\" data-widget_type=\"text-editor.default\">\n\t\t\t\t<div class=\"elementor-widget-container\">\n\t\t\t\t\t\t\t\t\t<p><strong>Verantwortlich f\u00fcr den Inhalt nach \u00a7 55 Abs. 2 RStV:<\/strong><\/p><p>Katrin Katholnigg<\/p><p>\u00a0<\/p><p><strong>Quellenangaben f\u00fcr die verwendeten Bilder und Grafiken:<\/strong><\/p><p>Die Bilder und Grafiken sind von Mitgliedern, Angeh\u00f6rigen und Nahestehenden des Vereins erstellt und geh\u00f6ren dem jeweiligen Ersteller.<\/p><p>\u00a0<\/p><p><strong>Haftungsausschluss<\/strong><\/p><p>Der Inhalt dieser Seite wird sorgf\u00e4ltig gepr\u00fcft und st\u00e4ndig aktualisiert. Irrt\u00fcmer behalten wir uns vor. Eine Garantie f\u00fcr die Vollst\u00e4ndigkeit, Richtigkeit und letzte Aktualit\u00e4t des Inhaltes dieser Seiten kann dennoch nicht \u00fcbernommen werden.<\/p><p>Der Betreiber dieser Seite kann daher nicht f\u00fcr Sch\u00e4den, mittelbare Sch\u00e4den oder Mangelfolgesch\u00e4den haftbar gemacht werden, die in Zusammenhang mit der Verwendung der Inhalte dieser Seiten stehen.<\/p><p>Dies gilt dar\u00fcber hinaus f\u00fcr alle externen Websites, die auf diesen Seiten verlinkt sind. Wir haften nicht f\u00fcr den Inhalt dieser externen Websites.<\/p><p>Alle Angebote sind frei und unverbindlich. Wir behalten es uns ausdr\u00fccklich vor, Teile der Seite oder das gesamte Angebot ohne gesonderte Ank\u00fcndigung zu ver\u00e4ndern, zu erg\u00e4nzen, zu l\u00f6schen oder die Ver\u00f6ffentlichung zeitweise oder end\u00fcltig einzustellen.<\/p><p>\u00a0<\/p><p><strong>Links<\/strong><\/p><p>Wir \u00fcbernehmen weiterhin keine Verantwortung f\u00fcr den Inhalt fremder Internetangebote, auch wenn diese direkt oder indirekt durch Links mit unseren Seiten verbunden sind und distanzieren uns ausdr\u00fccklich davon. Dies gilt auch, wenn sich verlinkte Seiten nach der Linksetzung ver\u00e4ndert haben. Namentlich gekennzeichnete Beitr\u00e4ge und Anzeigen fremder Internet-Inhalte geben nicht automatisch die Auffassung des Betreibers dieser Seite wider. Diese Distanzierung gilt auch f\u00fcr alle Inhalte in von uns eingerichteten G\u00e4steb\u00fcchern, Foren, Mailinglisten oder \u00e4hnlichen Angeboten.<\/p><p>\u00a0<\/p><p><strong>Copyright<\/strong><\/p><p>Alle Rechte vorbehalten. Inhalt (Quelltexte, Texte, Grafiken, Bilder) und Struktur dieser Website unterliegen dem Urheberrecht und anderen Gesetzen zum Schutz geistigen Eigentums. Die Verbreitung oder Ver\u00e4nderung des Inhalts dieser Seiten ist nur mit unserer schriftlichen Zustimmung gestattet. Des Weiteren darf er weder zu kommerziellen Zwecken kopiert noch Dritten zug\u00e4nglich gemacht werden. Dem Urheberrecht unterliegen auch die Bilder, die uns von Dritten zur Verf\u00fcgung gestellt wurden.<\/p><p>\u00a0<\/p><p><strong>Datenschutz<\/strong><\/p><p>Bitte rufen Sie die separaten detaillierten Erl\u00e4uterungen zum Datenschutz auf.<\/p><p>\u00a0<\/p><p><strong>Marken<\/strong><\/p><p>Alle innerhalb des Internetangebotes genannten und ggf. durch Dritte gesch\u00fctzten Marken- und Warenzeichen unterliegen uneingeschr\u00e4nkt den Bestimmungen des jeweils g\u00fcltigen Kennzeichenrechts und den Besitzrechten der jeweiligen eingetragenen Eigent\u00fcmer. Allein aufgrund der blo\u00dfen Nennung ist nicht der Schluss zu ziehen, da\u00df Markenzeichen nicht durch Rechte Dritter gesch\u00fctzt sind!<\/p><p>\u00a0<\/p><p><strong>Rechteverletzungen und Abmahnungen<\/strong><\/p><p>Sollte der Inhalt oder die Aufmachung dieser Seiten fremde Rechte Dritter oder gesetzliche Bestimmungen verletzen, so bitten wir um eine entsprechende Nachricht ohne Kostennote. Die Beseitigung einer m\u00f6glicherweise von diesen Seiten ausgehenden Schutzrecht-Verletzung durch Schutzrecht-Inhaber selbst darf nicht ohne unsere Zustimmung stattfinden.<\/p><p>Wir garantieren, dass die zu Recht beanstandeten Passagen unverz\u00fcglich entfernt werden, ohne dass von Ihrer Seite die Einschaltung eines Rechtsbeistandes erforderlich ist. Dennoch von Ihnen ohne vorherige Kontaktaufnahme ausgel\u00f6ste Kosten werden wir vollumf\u00e4nglich zur\u00fcckweisen und gegebenenfalls Gegenklage wegen Verletzung vorgenannter Bestimmungen einreichen.<\/p><p>\u00a0<\/p><p><strong>Rechtswirksamkeit<\/strong><\/p><p>Dieser Haftungsausschluss ist als Teil unseres Internetangebotes zu betrachten. Sofern Teile oder einzelne Formulierungen dieses Textes der geltenden Rechtslage nicht, nicht mehr oder nicht vollst\u00e4ndig entsprechen sollten, bleiben die \u00fcbrigen Teile des Dokumentes in ihrem Inhalt und ihrer G\u00fcltigkeit davon unber\u00fchrt. Es gelten dann Bestimmungen, die den urspr\u00fcnglichen am Nahestehendsten sind.<\/p>\t\t\t\t\t\t\t\t<\/div>\n\t\t\t\t<\/div>\n\t\t\t\t<div class=\"elementor-element elementor-element-0210fab elementor-widget elementor-widget-spacer\" data-id=\"0210fab\" data-element_type=\"widget\" data-e-type=\"widget\" data-widget_type=\"spacer.default\">\n\t\t\t\t<div class=\"elementor-widget-container\">\n\t\t\t\t\t\t\t<div class=\"elementor-spacer\">\n\t\t\t<div class=\"elementor-spacer-inner\"><\/div>\n\t\t<\/div>\n\t\t\t\t\t\t<\/div>\n\t\t\t\t<\/div>\n\t\t\t\t\t<\/div>\n\t\t<\/div>\n\t\t\t\t\t<\/div>\n\t\t<\/section>\n\t\t\t\t<\/div>\n\t\t","protected":false},"excerpt":{"rendered":"<p>Impressum ARS SALTANDI Dance &amp; Drama SchoolKatrin KatholniggCarl-Zeiss-Stra\u00dfe 2631137 Hildesheim, Deutschland Rechtsform: EinzelunternehmenTelefon: 0 51 21 \u2013 20 656 46 Telefax: 0 51 21 \u2013 20 656 45 E-Mail: info@arssaltandi.de Online: www.arssaltandi.de Verantwortlich f\u00fcr den Inhalt nach \u00a7 55 Abs. 2 RStV: Katrin Katholnigg \u00a0 Quellenangaben f\u00fcr die verwendeten Bilder und Grafiken: Die Bilder und [&hellip;]<\/p>\n","protected":false},"author":3,"featured_media":0,"parent":0,"menu_order":0,"comment_status":"closed","ping_status":"closed","template":"elementor_header_footer","meta":{"footnotes":""},"class_list":["post-901","page","type-page","status-publish","hentry"],"_links":{"self":[{"href":"https:\/\/www.arssaltandi.de\/index.php\/wp-json\/wp\/v2\/pages\/901","targetHints":{"allow":["GET"]}}],"collection":[{"href":"https:\/\/www.arssaltandi.de\/index.php\/wp-json\/wp\/v2\/pages"}],"about":[{"href":"https:\/\/www.arssaltandi.de\/index.php\/wp-json\/wp\/v2\/types\/page"}],"author":[{"embeddable":true,"href":"https:\/\/www.arssaltandi.de\/index.php\/wp-json\/wp\/v2\/users\/3"}],"replies":[{"embeddable":true,"href":"https:\/\/www.arssaltandi.de\/index.php\/wp-json\/wp\/v2\/comments?post=901"}],"version-history":[{"count":46,"href":"https:\/\/www.arssaltandi.de\/index.php\/wp-json\/wp\/v2\/pages\/901\/revisions"}],"predecessor-version":[{"id":15546,"href":"https:\/\/www.arssaltandi.de\/index.php\/wp-json\/wp\/v2\/pages\/901\/revisions\/15546"}],"wp:attachment":[{"href":"https:\/\/www.arssaltandi.de\/index.php\/wp-json\/wp\/v2\/media?parent=901"}],"curies":[{"name":"wp","href":"https:\/\/api.w.org\/{rel}","templated":true}]}}